{"id":4655,"date":"2023-04-26T11:53:46","date_gmt":"2023-04-26T09:53:46","guid":{"rendered":"https:\/\/www.samsic.ch\/rechtliche-hinweise\/"},"modified":"2023-04-26T11:53:46","modified_gmt":"2023-04-26T09:53:46","slug":"rechtliche-hinweise","status":"publish","type":"page","link":"https:\/\/www.samsic.ch\/de\/rechtliche-hinweise\/","title":{"rendered":"Rechtliche Hinweise"},"content":{"rendered":"<p><strong>1.1 Website:<\/strong> <a href=\"https:\/\/www.samsic-facility.ch\" target=\"_blank\" rel=\"noopener\"><strong>https:\/\/www.samsic.ch<\/strong><\/a><\/p>\n<p><strong>1.2<\/strong> <strong>Herausgeber <\/strong>(im Folgenden der \u00ab<strong>H<\/strong><strong>erausgeber<\/strong>\u00bb):<\/p>\n<p><strong>SAMSIC Facility<\/strong><\/p>\n<p>Vereinfachte Aktiengesellschaft mit einem Kapital von 45&nbsp;000&nbsp;000&nbsp;\u20ac<\/p>\n<p>Mit eingetragenem Sitz in 6, Rue de Ch\u00e2tillon \u2013 La Rigourdi\u00e8re, 35510 CESSON-SEVIGNE<\/p>\n<p>Eingetragen unter der Handelsregisternummer 403 227 796 RCS RENNES<\/p>\n<p>SIRET: 403 227 796 00048<\/p>\n<ul>\n<li>USt.: FR 86 403 227 796<\/li>\n<li>Ausge\u00fcbte Hauptt\u00e4tigkeit: 7070Z \u2013 Verwaltung und F\u00fchrung von Unternehmen und Betrieben<\/li>\n<li>Tel. 02 99 86 92 90<\/li>\n<\/ul>\n<p>E-Mail-Adresse: <a tabindex=\"-1\" href=\"mailto:contact@samsic-facility.fr\">marketing@samsic.fr<\/a><\/p>\n<p>Der publizistische Leiter der Website ist Herr Olivier PAYEN in seiner Eigenschaft als Pr\u00e4sident von SAMSIC Facility.<\/p>\n<p>&nbsp;<\/p>\n<p><strong>1.3 Konzeption und Realisierung:<\/strong><\/p>\n<p>Diese Website wurde von<strong> der Firma ARTWAI<\/strong> konzipiert und realisiert, Gesellschaft mit beschr\u00e4nkter Haftung mit einem Stammkapital von 95&nbsp;000,00&nbsp;\u20ac, mit Sitz in 538 RTE DES POMMIERS, 35630 LANGOUET, eingetragen im Handels- und Gesellschaftsregister von Rennes unter der Nummer 484 394 143, vertreten durch Herrn Nicolas CHATEL, der in seiner Eigenschaft als bevollm\u00e4chtigter Gesch\u00e4ftsf\u00fchrer handelt.<\/p>\n<p>Telefonnummer: 06 27 75 57 11<\/p>\n<p>E-Mail-Adresse : contact@artwai.com.<\/p>\n<p>&nbsp;<\/p>\n<p><strong>1.4 Hosting-Provider<\/strong>:<\/p>\n<p><strong>Cognix Systems<\/strong>, Gesellschaft mit einem Kapital von 40&nbsp;000 Euro, mit Sitz in 50 Rue Paul Langevin \u2013 35200 Rennes, Handelsregister Rennes B 444 724 462, SIRET-Nummer: 444 724 462 00064, vertreten durch Herrn Davy CREMER in seiner Eigenschaft als publizistischer Leiter.<\/p>\n<p>Telefonnummer: 02 30 96 48 66<\/p>\n<p>E-Mail-Adresse: rennes@cognix-systems.com.<\/p>\n<p>Gegebenenfalls werden bestimmte Dienste, auf die \u00fcber die Anwendung zugegriffen werden kann, von Partnern gehostet, die Vertragspartner des Herausgebers sind. Die Kontaktdaten dieser Hosting-Provider werden jedem Nutzer zur Verf\u00fcgung gestellt.<\/p>\n<p>&nbsp;<\/p>\n<p><strong>1.5 Umsatzsteuer-Identifikationsnummer<\/strong>:<\/p>\n<p><strong>FR 87 385 103 023<\/strong><\/p>\n<p>&nbsp;<\/p>\n<p><strong>1.6 Bildnachweis<\/strong>:<\/p>\n<p>Service communication Samsic | Gwena\u00ebl Saliou | Studio Ikonik | Les Histoires d\u2019A | Adobe Stock | Patrice Dorizon<\/p>\n","protected":false},"excerpt":{"rendered":"<p>1.1 Website: https:\/\/www.samsic.ch 1.2 Herausgeber (im Folgenden der \u00abHerausgeber\u00bb): SAMSIC Facility Vereinfachte Aktiengesellschaft mit einem Kapital von 45&nbsp;000&nbsp;000&nbsp;\u20ac Mit eingetragenem &hellip;<\/p>\n","protected":false},"author":1,"featured_media":0,"parent":0,"menu_order":0,"comment_status":"closed","ping_status":"closed","template":"","meta":{"_acf_changed":false,"footnotes":""},"class_list":["post-4655","page","type-page","status-publish","hentry"],"acf":[],"yoast_head":"<!-- This site is optimized with the Yoast SEO plugin v26.8 - https:\/\/yoast.com\/product\/yoast-seo-wordpress\/ -->\n<title>Rechtliche Hinweise | Samsic<\/title>\n<meta name=\"robots\" content=\"noindex, nofollow\" \/>\n<meta property=\"og:locale\" content=\"de_DE\" \/>\n<meta property=\"og:type\" content=\"article\" \/>\n<meta property=\"og:title\" content=\"Rechtliche Hinweise | Samsic\" \/>\n<meta property=\"og:description\" content=\"1.1 Website: https:\/\/www.samsic.ch 1.2 Herausgeber (im Folgenden der \u00abHerausgeber\u00bb): SAMSIC Facility Vereinfachte Aktiengesellschaft mit einem Kapital von 45&nbsp;000&nbsp;000&nbsp;\u20ac Mit eingetragenem &hellip;\" \/>\n<meta property=\"og:url\" content=\"https:\/\/www.samsic.ch\/de\/rechtliche-hinweise\/\" \/>\n<meta property=\"og:site_name\" content=\"Samsic\" \/>\n<meta property=\"og:image\" content=\"https:\/\/www.samsic.ch\/wp-content\/uploads\/2023\/04\/Samsic-1.jpg\" \/>\n\t<meta property=\"og:image:width\" content=\"150\" \/>\n\t<meta property=\"og:image:height\" content=\"150\" \/>\n\t<meta property=\"og:image:type\" content=\"image\/jpeg\" \/>\n<meta name=\"twitter:card\" content=\"summary_large_image\" \/>\n<meta name=\"twitter:label1\" content=\"Est. reading time\" \/>\n\t<meta name=\"twitter:data1\" content=\"1 minute\" \/>\n<script type=\"application\/ld+json\" class=\"yoast-schema-graph\">{\"@context\":\"https:\/\/schema.org\",\"@graph\":[{\"@type\":\"WebPage\",\"@id\":\"https:\/\/www.samsic.ch\/de\/rechtliche-hinweise\/\",\"url\":\"https:\/\/www.samsic.ch\/de\/rechtliche-hinweise\/\",\"name\":\"Rechtliche Hinweise | Samsic\",\"isPartOf\":{\"@id\":\"https:\/\/www.samsic.ch\/de\/#website\"},\"datePublished\":\"2023-04-26T09:53:46+00:00\",\"breadcrumb\":{\"@id\":\"https:\/\/www.samsic.ch\/de\/rechtliche-hinweise\/#breadcrumb\"},\"inLanguage\":\"de-CH\",\"potentialAction\":[{\"@type\":\"ReadAction\",\"target\":[\"https:\/\/www.samsic.ch\/de\/rechtliche-hinweise\/\"]}]},{\"@type\":\"BreadcrumbList\",\"@id\":\"https:\/\/www.samsic.ch\/de\/rechtliche-hinweise\/#breadcrumb\",\"itemListElement\":[{\"@type\":\"ListItem\",\"position\":1,\"name\":\"Accueil\",\"item\":\"https:\/\/www.samsic.ch\/de\/\"},{\"@type\":\"ListItem\",\"position\":2,\"name\":\"Rechtliche Hinweise\"}]},{\"@type\":\"WebSite\",\"@id\":\"https:\/\/www.samsic.ch\/de\/#website\",\"url\":\"https:\/\/www.samsic.ch\/de\/\",\"name\":\"Samsic\",\"description\":\"\",\"publisher\":{\"@id\":\"https:\/\/www.samsic.ch\/de\/#organization\"},\"potentialAction\":[{\"@type\":\"SearchAction\",\"target\":{\"@type\":\"EntryPoint\",\"urlTemplate\":\"https:\/\/www.samsic.ch\/de\/?s={search_term_string}\"},\"query-input\":{\"@type\":\"PropertyValueSpecification\",\"valueRequired\":true,\"valueName\":\"search_term_string\"}}],\"inLanguage\":\"de-CH\"},{\"@type\":\"Organization\",\"@id\":\"https:\/\/www.samsic.ch\/de\/#organization\",\"name\":\"Samsic\",\"url\":\"https:\/\/www.samsic.ch\/de\/\",\"logo\":{\"@type\":\"ImageObject\",\"inLanguage\":\"de-CH\",\"@id\":\"https:\/\/www.samsic.ch\/de\/#\/schema\/logo\/image\/\",\"url\":\"https:\/\/www.samsic.ch\/wp-content\/uploads\/2023\/04\/Samsic-1.jpg\",\"contentUrl\":\"https:\/\/www.samsic.ch\/wp-content\/uploads\/2023\/04\/Samsic-1.jpg\",\"width\":150,\"height\":150,\"caption\":\"Samsic\"},\"image\":{\"@id\":\"https:\/\/www.samsic.ch\/de\/#\/schema\/logo\/image\/\"},\"sameAs\":[\"https:\/\/www.linkedin.com\/company\/samsic-facility-services\/\",\"https:\/\/www.samsic.tv\"]}]}<\/script>\n<!-- \/ Yoast SEO plugin. -->","yoast_head_json":{"title":"Rechtliche Hinweise | Samsic","robots":{"index":"noindex","follow":"nofollow"},"og_locale":"de_DE","og_type":"article","og_title":"Rechtliche Hinweise | Samsic","og_description":"1.1 Website: https:\/\/www.samsic.ch 1.2 Herausgeber (im Folgenden der \u00abHerausgeber\u00bb): SAMSIC Facility Vereinfachte Aktiengesellschaft mit einem Kapital von 45&nbsp;000&nbsp;000&nbsp;\u20ac Mit eingetragenem &hellip;","og_url":"https:\/\/www.samsic.ch\/de\/rechtliche-hinweise\/","og_site_name":"Samsic","og_image":[{"width":150,"height":150,"url":"https:\/\/www.samsic.ch\/wp-content\/uploads\/2023\/04\/Samsic-1.jpg","type":"image\/jpeg"}],"twitter_card":"summary_large_image","twitter_misc":{"Est. reading time":"1 minute"},"schema":{"@context":"https:\/\/schema.org","@graph":[{"@type":"WebPage","@id":"https:\/\/www.samsic.ch\/de\/rechtliche-hinweise\/","url":"https:\/\/www.samsic.ch\/de\/rechtliche-hinweise\/","name":"Rechtliche Hinweise | Samsic","isPartOf":{"@id":"https:\/\/www.samsic.ch\/de\/#website"},"datePublished":"2023-04-26T09:53:46+00:00","breadcrumb":{"@id":"https:\/\/www.samsic.ch\/de\/rechtliche-hinweise\/#breadcrumb"},"inLanguage":"de-CH","potentialAction":[{"@type":"ReadAction","target":["https:\/\/www.samsic.ch\/de\/rechtliche-hinweise\/"]}]},{"@type":"BreadcrumbList","@id":"https:\/\/www.samsic.ch\/de\/rechtliche-hinweise\/#breadcrumb","itemListElement":[{"@type":"ListItem","position":1,"name":"Accueil","item":"https:\/\/www.samsic.ch\/de\/"},{"@type":"ListItem","position":2,"name":"Rechtliche Hinweise"}]},{"@type":"WebSite","@id":"https:\/\/www.samsic.ch\/de\/#website","url":"https:\/\/www.samsic.ch\/de\/","name":"Samsic","description":"","publisher":{"@id":"https:\/\/www.samsic.ch\/de\/#organization"},"potentialAction":[{"@type":"SearchAction","target":{"@type":"EntryPoint","urlTemplate":"https:\/\/www.samsic.ch\/de\/?s={search_term_string}"},"query-input":{"@type":"PropertyValueSpecification","valueRequired":true,"valueName":"search_term_string"}}],"inLanguage":"de-CH"},{"@type":"Organization","@id":"https:\/\/www.samsic.ch\/de\/#organization","name":"Samsic","url":"https:\/\/www.samsic.ch\/de\/","logo":{"@type":"ImageObject","inLanguage":"de-CH","@id":"https:\/\/www.samsic.ch\/de\/#\/schema\/logo\/image\/","url":"https:\/\/www.samsic.ch\/wp-content\/uploads\/2023\/04\/Samsic-1.jpg","contentUrl":"https:\/\/www.samsic.ch\/wp-content\/uploads\/2023\/04\/Samsic-1.jpg","width":150,"height":150,"caption":"Samsic"},"image":{"@id":"https:\/\/www.samsic.ch\/de\/#\/schema\/logo\/image\/"},"sameAs":["https:\/\/www.linkedin.com\/company\/samsic-facility-services\/","https:\/\/www.samsic.tv"]}]}},"publishpress_future_workflow_manual_trigger":{"enabledWorkflows":[]},"_links":{"self":[{"href":"https:\/\/www.samsic.ch\/de\/wp-json\/wp\/v2\/pages\/4655","targetHints":{"allow":["GET"]}}],"collection":[{"href":"https:\/\/www.samsic.ch\/de\/wp-json\/wp\/v2\/pages"}],"about":[{"href":"https:\/\/www.samsic.ch\/de\/wp-json\/wp\/v2\/types\/page"}],"author":[{"embeddable":true,"href":"https:\/\/www.samsic.ch\/de\/wp-json\/wp\/v2\/users\/1"}],"replies":[{"embeddable":true,"href":"https:\/\/www.samsic.ch\/de\/wp-json\/wp\/v2\/comments?post=4655"}],"version-history":[{"count":0,"href":"https:\/\/www.samsic.ch\/de\/wp-json\/wp\/v2\/pages\/4655\/revisions"}],"wp:attachment":[{"href":"https:\/\/www.samsic.ch\/de\/wp-json\/wp\/v2\/media?parent=4655"}],"curies":[{"name":"wp","href":"https:\/\/api.w.org\/{rel}","templated":true}]}}